{"id":11976,"date":"2021-11-15T17:17:35","date_gmt":"2021-11-15T15:17:35","guid":{"rendered":"https:\/\/idrospania.es\/catalogues\/"},"modified":"2025-01-14T16:59:11","modified_gmt":"2025-01-14T14:59:11","slug":"catalogues","status":"publish","type":"page","link":"https:\/\/idrospania.es\/fr\/catalogues\/","title":{"rendered":"Catalogues"},"content":{"rendered":"\t\t<div data-elementor-type=\"wp-page\" data-elementor-id=\"11976\" class=\"elementor elementor-11976 elementor-9410\" data-elementor-post-type=\"page\">\n\t\t\t\t<div class=\"elementor-element elementor-element-938ed9b e-flex e-con-boxed e-con e-parent\" data-id=\"938ed9b\" data-element_type=\"container\" data-settings=\"{&quot;jet_parallax_layout_list&quot;:[]}\">\n\t\t\t\t\t<div class=\"e-con-inner\">\n\t\t<div class=\"elementor-element elementor-element-1ff48d2 e-con-full e-flex e-con e-child\" data-id=\"1ff48d2\" data-element_type=\"container\" data-settings=\"{&quot;background_background&quot;:&quot;classic&quot;,&quot;jet_parallax_layout_list&quot;:[]}\">\n\t\t\t\t<div class=\"elementor-element elementor-element-694fc76 elementor-widget elementor-widget-heading\" data-id=\"694fc76\" data-element_type=\"widget\" data-widget_type=\"heading.default\">\n\t\t\t\t<div class=\"elementor-widget-container\">\n\t\t\t\t\t<h1 class=\"elementor-heading-title elementor-size-default\">T\u00e9l\u00e9chargez nos catalogues mis \u00e0 jour<\/h1>\t\t\t\t<\/div>\n\t\t\t\t<\/div>\n\t\t\t\t<\/div>\n\t\t<div class=\"elementor-element elementor-element-6324f9d e-con-full e-flex e-con e-child\" data-id=\"6324f9d\" data-element_type=\"container\" data-settings=\"{&quot;jet_parallax_layout_list&quot;:[]}\">\n\t\t\t\t<div class=\"elementor-element elementor-element-3ccad2e elementor-widget elementor-widget-image\" data-id=\"3ccad2e\" data-element_type=\"widget\" data-widget_type=\"image.default\">\n\t\t\t\t<div class=\"elementor-widget-container\">\n\t\t\t\t\t\t\t\t\t\t\t\t\t\t\t<img fetchpriority=\"high\" decoding=\"async\" width=\"800\" height=\"534\" src=\"https:\/\/idrospania.es\/wp-content\/uploads\/2024\/04\/cabecera_seccion_catalogos-1024x683.webp\" class=\"attachment-large size-large wp-image-12664\" alt=\"\" srcset=\"https:\/\/idrospania.es\/wp-content\/uploads\/2024\/04\/cabecera_seccion_catalogos-1024x683.webp 1024w, https:\/\/idrospania.es\/wp-content\/uploads\/2024\/04\/cabecera_seccion_catalogos-300x200.webp 300w, https:\/\/idrospania.es\/wp-content\/uploads\/2024\/04\/cabecera_seccion_catalogos-768x512.webp 768w, https:\/\/idrospania.es\/wp-content\/uploads\/2024\/04\/cabecera_seccion_catalogos.webp 1107w\" sizes=\"(max-width: 800px) 100vw, 800px\" \/>\t\t\t\t\t\t\t\t\t\t\t\t\t\t\t<\/div>\n\t\t\t\t<\/div>\n\t\t\t\t<\/div>\n\t\t\t\t\t<\/div>\n\t\t\t\t<\/div>\n\t\t<div class=\"elementor-element elementor-element-4e75e49 e-flex e-con-boxed e-con e-parent\" data-id=\"4e75e49\" data-element_type=\"container\" data-settings=\"{&quot;jet_parallax_layout_list&quot;:[]}\">\n\t\t\t\t\t<div class=\"e-con-inner\">\n\t\t<div class=\"elementor-element elementor-element-30a1673 e-con-full e-flex e-con e-child\" data-id=\"30a1673\" data-element_type=\"container\" data-settings=\"{&quot;background_background&quot;:&quot;classic&quot;,&quot;jet_parallax_layout_list&quot;:[]}\">\n\t\t\t\t<div class=\"elementor-element elementor-element-73d0921 elementor-widget-tablet__width-initial elementor-widget elementor-widget-image\" data-id=\"73d0921\" data-element_type=\"widget\" data-widget_type=\"image.default\">\n\t\t\t\t<div class=\"elementor-widget-container\">\n\t\t\t\t\t\t\t\t\t\t\t\t\t\t\t<img decoding=\"async\" width=\"800\" height=\"614\" src=\"https:\/\/idrospania.es\/wp-content\/uploads\/2025\/01\/portada_catalogo_idrospania-1024x786.webp\" class=\"attachment-large size-large wp-image-13407\" alt=\"\" srcset=\"https:\/\/idrospania.es\/wp-content\/uploads\/2025\/01\/portada_catalogo_idrospania-1024x786.webp 1024w, https:\/\/idrospania.es\/wp-content\/uploads\/2025\/01\/portada_catalogo_idrospania-300x230.webp 300w, https:\/\/idrospania.es\/wp-content\/uploads\/2025\/01\/portada_catalogo_idrospania-768x590.webp 768w, https:\/\/idrospania.es\/wp-content\/uploads\/2025\/01\/portada_catalogo_idrospania.webp 1154w\" sizes=\"(max-width: 800px) 100vw, 800px\" \/>\t\t\t\t\t\t\t\t\t\t\t\t\t\t\t<\/div>\n\t\t\t\t<\/div>\n\t\t<div class=\"elementor-element elementor-element-65e6a24 e-con-full e-flex e-con e-child\" data-id=\"65e6a24\" data-element_type=\"container\" data-settings=\"{&quot;jet_parallax_layout_list&quot;:[]}\">\n\t\t\t\t<div class=\"elementor-element elementor-element-3ce9a25 elementor-widget__width-inherit elementor-widget elementor-widget-heading\" data-id=\"3ce9a25\" data-element_type=\"widget\" data-widget_type=\"heading.default\">\n\t\t\t\t<div class=\"elementor-widget-container\">\n\t\t\t\t\t<h2 class=\"elementor-heading-title elementor-size-default\">Catalogue g\u00e9n\u00e9ral<\/h2>\t\t\t\t<\/div>\n\t\t\t\t<\/div>\n\t\t\t\t<div class=\"elementor-element elementor-element-d560d31 elementor-widget__width-auto elementor-widget elementor-widget-button\" data-id=\"d560d31\" data-element_type=\"widget\" data-widget_type=\"button.default\">\n\t\t\t\t<div class=\"elementor-widget-container\">\n\t\t\t\t\t\t\t\t\t<div class=\"elementor-button-wrapper\">\n\t\t\t\t\t<a class=\"elementor-button elementor-button-link elementor-size-sm\" href=\"https:\/\/idrospania.es\/wp-content\/uploads\/2024\/09\/CATALOGO_NACIONAL_IDROSPANIA_WEB.pdf\">\n\t\t\t\t\t\t<span class=\"elementor-button-content-wrapper\">\n\t\t\t\t\t\t<span class=\"elementor-button-icon\">\n\t\t\t\t<i aria-hidden=\"true\" class=\"far fa-file-pdf\"><\/i>\t\t\t<\/span>\n\t\t\t\t\t\t\t\t\t<span class=\"elementor-button-text\">National<\/span>\n\t\t\t\t\t<\/span>\n\t\t\t\t\t<\/a>\n\t\t\t\t<\/div>\n\t\t\t\t\t\t\t\t<\/div>\n\t\t\t\t<\/div>\n\t\t\t\t<div class=\"elementor-element elementor-element-d512d67 elementor-widget__width-auto elementor-widget elementor-widget-button\" data-id=\"d512d67\" data-element_type=\"widget\" data-widget_type=\"button.default\">\n\t\t\t\t<div class=\"elementor-widget-container\">\n\t\t\t\t\t\t\t\t\t<div class=\"elementor-button-wrapper\">\n\t\t\t\t\t<a class=\"elementor-button elementor-button-link elementor-size-sm\" href=\"https:\/\/idrospania.es\/wp-content\/uploads\/2024\/09\/CATALOGO_EXPORT_WEB.pdf\">\n\t\t\t\t\t\t<span class=\"elementor-button-content-wrapper\">\n\t\t\t\t\t\t<span class=\"elementor-button-icon\">\n\t\t\t\t<i aria-hidden=\"true\" class=\"far fa-file-pdf\"><\/i>\t\t\t<\/span>\n\t\t\t\t\t\t\t\t\t<span class=\"elementor-button-text\">International<\/span>\n\t\t\t\t\t<\/span>\n\t\t\t\t\t<\/a>\n\t\t\t\t<\/div>\n\t\t\t\t\t\t\t\t<\/div>\n\t\t\t\t<\/div>\n\t\t\t\t<div class=\"elementor-element elementor-element-424ae88 elementor-widget__width-auto elementor-widget elementor-widget-button\" data-id=\"424ae88\" data-element_type=\"widget\" data-widget_type=\"button.default\">\n\t\t\t\t<div class=\"elementor-widget-container\">\n\t\t\t\t\t\t\t\t\t<div class=\"elementor-button-wrapper\">\n\t\t\t\t\t<a class=\"elementor-button elementor-button-link elementor-size-sm\" href=\"https:\/\/idrospania.es\/wp-content\/uploads\/2024\/09\/CATALOGO_PARABES_WEB.pdf\">\n\t\t\t\t\t\t<span class=\"elementor-button-content-wrapper\">\n\t\t\t\t\t\t<span class=\"elementor-button-icon\">\n\t\t\t\t<i aria-hidden=\"true\" class=\"far fa-file-pdf\"><\/i>\t\t\t<\/span>\n\t\t\t\t\t\t\t\t\t<span class=\"elementor-button-text\">Afrique et Moyen-Orient<\/span>\n\t\t\t\t\t<\/span>\n\t\t\t\t\t<\/a>\n\t\t\t\t<\/div>\n\t\t\t\t\t\t\t\t<\/div>\n\t\t\t\t<\/div>\n\t\t\t\t<\/div>\n\t\t\t\t<\/div>\n\t\t<div class=\"elementor-element elementor-element-940d860 e-con-full e-flex e-con e-child\" data-id=\"940d860\" data-element_type=\"container\" data-settings=\"{&quot;background_background&quot;:&quot;classic&quot;,&quot;jet_parallax_layout_list&quot;:[]}\">\n\t\t\t\t<div class=\"elementor-element elementor-element-a83e8af elementor-widget elementor-widget-image\" data-id=\"a83e8af\" data-element_type=\"widget\" data-widget_type=\"image.default\">\n\t\t\t\t<div class=\"elementor-widget-container\">\n\t\t\t\t\t\t\t\t\t\t\t\t\t\t\t<img decoding=\"async\" width=\"800\" height=\"791\" src=\"https:\/\/idrospania.es\/wp-content\/uploads\/2024\/04\/catalogo_cisternas-1024x1012.webp\" class=\"attachment-large size-large wp-image-12610\" alt=\"\" srcset=\"https:\/\/idrospania.es\/wp-content\/uploads\/2024\/04\/catalogo_cisternas-1024x1012.webp 1024w, https:\/\/idrospania.es\/wp-content\/uploads\/2024\/04\/catalogo_cisternas-300x296.webp 300w, https:\/\/idrospania.es\/wp-content\/uploads\/2024\/04\/catalogo_cisternas-768x759.webp 768w, https:\/\/idrospania.es\/wp-content\/uploads\/2024\/04\/catalogo_cisternas.webp 1180w\" sizes=\"(max-width: 800px) 100vw, 800px\" \/>\t\t\t\t\t\t\t\t\t\t\t\t\t\t\t<\/div>\n\t\t\t\t<\/div>\n\t\t<div class=\"elementor-element elementor-element-d3224dd e-con-full e-flex e-con e-child\" data-id=\"d3224dd\" data-element_type=\"container\" data-settings=\"{&quot;jet_parallax_layout_list&quot;:[]}\">\n\t\t\t\t<div class=\"elementor-element elementor-element-d1e9055 elementor-widget__width-inherit elementor-widget elementor-widget-heading\" data-id=\"d1e9055\" data-element_type=\"widget\" data-widget_type=\"heading.default\">\n\t\t\t\t<div class=\"elementor-widget-container\">\n\t\t\t\t\t<h2 class=\"elementor-heading-title elementor-size-default\">Catalogue de citernes encastr\u00e9es<\/h2>\t\t\t\t<\/div>\n\t\t\t\t<\/div>\n\t\t\t\t<div class=\"elementor-element elementor-element-8c92200 elementor-widget__width-auto elementor-widget elementor-widget-button\" data-id=\"8c92200\" data-element_type=\"widget\" data-widget_type=\"button.default\">\n\t\t\t\t<div class=\"elementor-widget-container\">\n\t\t\t\t\t\t\t\t\t<div class=\"elementor-button-wrapper\">\n\t\t\t\t\t<a class=\"elementor-button elementor-button-link elementor-size-sm\" href=\"https:\/\/idrospania.es\/wp-content\/uploads\/2024\/09\/CATALOGO_CE_IDROSPANIA_NACIONAL_NUEVAS-CISTERNAS_RED.pdf\">\n\t\t\t\t\t\t<span class=\"elementor-button-content-wrapper\">\n\t\t\t\t\t\t<span class=\"elementor-button-icon\">\n\t\t\t\t<i aria-hidden=\"true\" class=\"far fa-file-pdf\"><\/i>\t\t\t<\/span>\n\t\t\t\t\t\t\t\t\t<span class=\"elementor-button-text\">National<\/span>\n\t\t\t\t\t<\/span>\n\t\t\t\t\t<\/a>\n\t\t\t\t<\/div>\n\t\t\t\t\t\t\t\t<\/div>\n\t\t\t\t<\/div>\n\t\t\t\t<div class=\"elementor-element elementor-element-58ff20f elementor-widget__width-auto elementor-widget elementor-widget-button\" data-id=\"58ff20f\" data-element_type=\"widget\" data-widget_type=\"button.default\">\n\t\t\t\t<div class=\"elementor-widget-container\">\n\t\t\t\t\t\t\t\t\t<div class=\"elementor-button-wrapper\">\n\t\t\t\t\t<a class=\"elementor-button elementor-button-link elementor-size-sm\" href=\"https:\/\/idrospania.es\/wp-content\/uploads\/2024\/09\/FOLLETO_CE_IDROSPANIA_EXPORTACION_NUEVAS-CISTERNAS_red.pdf\">\n\t\t\t\t\t\t<span class=\"elementor-button-content-wrapper\">\n\t\t\t\t\t\t<span class=\"elementor-button-icon\">\n\t\t\t\t<i aria-hidden=\"true\" class=\"far fa-file-pdf\"><\/i>\t\t\t<\/span>\n\t\t\t\t\t\t\t\t\t<span class=\"elementor-button-text\">International<\/span>\n\t\t\t\t\t<\/span>\n\t\t\t\t\t<\/a>\n\t\t\t\t<\/div>\n\t\t\t\t\t\t\t\t<\/div>\n\t\t\t\t<\/div>\n\t\t\t\t<\/div>\n\t\t\t\t<\/div>\n\t\t<div class=\"elementor-element elementor-element-426abb2 e-con-full e-flex e-con e-child\" data-id=\"426abb2\" data-element_type=\"container\" data-settings=\"{&quot;background_background&quot;:&quot;classic&quot;,&quot;jet_parallax_layout_list&quot;:[]}\">\n\t\t\t\t<div class=\"elementor-element elementor-element-328b345 elementor-widget elementor-widget-image\" data-id=\"328b345\" data-element_type=\"widget\" data-widget_type=\"image.default\">\n\t\t\t\t<div class=\"elementor-widget-container\">\n\t\t\t\t\t\t\t\t\t\t\t\t\t\t\t<img loading=\"lazy\" decoding=\"async\" width=\"800\" height=\"791\" src=\"https:\/\/idrospania.es\/wp-content\/uploads\/2024\/04\/catalogo_premium-1024x1012.webp\" class=\"attachment-large size-large wp-image-12611\" alt=\"\" srcset=\"https:\/\/idrospania.es\/wp-content\/uploads\/2024\/04\/catalogo_premium-1024x1012.webp 1024w, https:\/\/idrospania.es\/wp-content\/uploads\/2024\/04\/catalogo_premium-300x296.webp 300w, https:\/\/idrospania.es\/wp-content\/uploads\/2024\/04\/catalogo_premium-768x759.webp 768w, https:\/\/idrospania.es\/wp-content\/uploads\/2024\/04\/catalogo_premium.webp 1180w\" sizes=\"(max-width: 800px) 100vw, 800px\" \/>\t\t\t\t\t\t\t\t\t\t\t\t\t\t\t<\/div>\n\t\t\t\t<\/div>\n\t\t<div class=\"elementor-element elementor-element-2bc7e2b e-con-full e-flex e-con e-child\" data-id=\"2bc7e2b\" data-element_type=\"container\" data-settings=\"{&quot;jet_parallax_layout_list&quot;:[]}\">\n\t\t\t\t<div class=\"elementor-element elementor-element-fecd03c elementor-widget__width-inherit elementor-widget elementor-widget-heading\" data-id=\"fecd03c\" data-element_type=\"widget\" data-widget_type=\"heading.default\">\n\t\t\t\t<div class=\"elementor-widget-container\">\n\t\t\t\t\t<h2 class=\"elementor-heading-title elementor-size-default\">Catalogue de citernes encastr\u00e9es<\/h2>\t\t\t\t<\/div>\n\t\t\t\t<\/div>\n\t\t\t\t<div class=\"elementor-element elementor-element-66e5976 elementor-widget__width-auto elementor-widget elementor-widget-button\" data-id=\"66e5976\" data-element_type=\"widget\" data-widget_type=\"button.default\">\n\t\t\t\t<div class=\"elementor-widget-container\">\n\t\t\t\t\t\t\t\t\t<div class=\"elementor-button-wrapper\">\n\t\t\t\t\t<a class=\"elementor-button elementor-button-link elementor-size-sm\" href=\"https:\/\/idrospania.es\/wp-content\/uploads\/2024\/09\/CATALOGO_PREMIUM_IDROSPANIA_RED.pdf\">\n\t\t\t\t\t\t<span class=\"elementor-button-content-wrapper\">\n\t\t\t\t\t\t<span class=\"elementor-button-icon\">\n\t\t\t\t<i aria-hidden=\"true\" class=\"far fa-file-pdf\"><\/i>\t\t\t<\/span>\n\t\t\t\t\t\t\t\t\t<span class=\"elementor-button-text\">T\u00e9l\u00e9charger<\/span>\n\t\t\t\t\t<\/span>\n\t\t\t\t\t<\/a>\n\t\t\t\t<\/div>\n\t\t\t\t\t\t\t\t<\/div>\n\t\t\t\t<\/div>\n\t\t\t\t<\/div>\n\t\t\t\t<\/div>\n\t\t\t\t\t<\/div>\n\t\t\t\t<\/div>\n\t\t\t\t<\/div>\n\t\t","protected":false},"excerpt":{"rendered":"<p>T\u00e9l\u00e9chargez nos catalogues mis \u00e0 jour Catalogue g\u00e9n\u00e9ral National International Afrique et Moyen-Orient Catalogue de citernes encastr\u00e9es National International Catalogue de citernes encastr\u00e9es T\u00e9l\u00e9charger<\/p>\n","protected":false},"author":1,"featured_media":0,"parent":0,"menu_order":0,"comment_status":"closed","ping_status":"closed","template":"","meta":{"_acf_changed":false,"footnotes":""},"yst_prominent_words":[],"class_list":["post-11976","page","type-page","status-publish","hentry"],"acf":[],"_links":{"self":[{"href":"https:\/\/idrospania.es\/fr\/wp-json\/wp\/v2\/pages\/11976","targetHints":{"allow":["GET"]}}],"collection":[{"href":"https:\/\/idrospania.es\/fr\/wp-json\/wp\/v2\/pages"}],"about":[{"href":"https:\/\/idrospania.es\/fr\/wp-json\/wp\/v2\/types\/page"}],"author":[{"embeddable":true,"href":"https:\/\/idrospania.es\/fr\/wp-json\/wp\/v2\/users\/1"}],"replies":[{"embeddable":true,"href":"https:\/\/idrospania.es\/fr\/wp-json\/wp\/v2\/comments?post=11976"}],"version-history":[{"count":3,"href":"https:\/\/idrospania.es\/fr\/wp-json\/wp\/v2\/pages\/11976\/revisions"}],"predecessor-version":[{"id":13423,"href":"https:\/\/idrospania.es\/fr\/wp-json\/wp\/v2\/pages\/11976\/revisions\/13423"}],"wp:attachment":[{"href":"https:\/\/idrospania.es\/fr\/wp-json\/wp\/v2\/media?parent=11976"}],"wp:term":[{"taxonomy":"yst_prominent_words","embeddable":true,"href":"https:\/\/idrospania.es\/fr\/wp-json\/wp\/v2\/yst_prominent_words?post=11976"}],"curies":[{"name":"wp","href":"https:\/\/api.w.org\/{rel}","templated":true}]}}